{"id":229,"date":"2022-10-18T13:59:50","date_gmt":"2022-10-18T13:59:50","guid":{"rendered":"https:\/\/www.leadrz.nl\/?page_id=229"},"modified":"2024-01-09T20:45:32","modified_gmt":"2024-01-09T20:45:32","slug":"leadrz-in-de-media","status":"publish","type":"page","link":"https:\/\/www.leadrz.nl\/index.php\/leadrz-in-de-media\/","title":{"rendered":"Tips &#038; inspiratie"},"content":{"rendered":"<p>[et_pb_section fb_built=&#8221;1&#8243; _builder_version=&#8221;4.23.1&#8243; _module_preset=&#8221;default&#8221; background_color=&#8221;#fcd21d&#8221; min_height=&#8221;311.6px&#8221; custom_padding=&#8221;||0px|||&#8221; global_colors_info=&#8221;{}&#8221;][et_pb_row _builder_version=&#8221;4.23.1&#8243; _module_preset=&#8221;default&#8221; min_height=&#8221;57px&#8221; custom_margin=&#8221;-42px|auto||auto||&#8221; global_colors_info=&#8221;{}&#8221;][et_pb_column type=&#8221;4_4&#8243; _builder_version=&#8221;4.23.1&#8243; _module_preset=&#8221;default&#8221; global_colors_info=&#8221;{}&#8221;][et_pb_heading title=&#8221;TIPS &#038; INSPIRATIE &#8221; _builder_version=&#8221;4.23.1&#8243; _module_preset=&#8221;default&#8221; title_text_color=&#8221;#6E6E6E&#8221; title_font_size=&#8221;49px&#8221; global_colors_info=&#8221;{}&#8221;][\/et_pb_heading][\/et_pb_column][\/et_pb_row][\/et_pb_section][et_pb_section fb_built=&#8221;1&#8243; _builder_version=&#8221;4.18.0&#8243; _module_preset=&#8221;default&#8221; min_height=&#8221;165px&#8221; custom_margin=&#8221;-198px||134px|||&#8221; custom_padding=&#8221;17px||357px|||&#8221; global_colors_info=&#8221;{}&#8221;][et_pb_row column_structure=&#8221;1_3,1_3,1_3&#8243; _builder_version=&#8221;4.23.1&#8243; _module_preset=&#8221;default&#8221; min_height=&#8221;275.7px&#8221; custom_margin=&#8221;|auto|-112px|auto||&#8221; custom_padding=&#8221;||0px|||&#8221; global_colors_info=&#8221;{}&#8221;][et_pb_column type=&#8221;1_3&#8243; _builder_version=&#8221;4.18.0&#8243; _module_preset=&#8221;default&#8221; global_colors_info=&#8221;{}&#8221;][et_pb_video_slider controls_color=&#8221;dark&#8221; _builder_version=&#8221;4.23.1&#8243; _module_preset=&#8221;default&#8221; background_color=&#8221;RGBA(255,255,255,0)&#8221; global_colors_info=&#8221;{}&#8221;][et_pb_video_slider_item src=&#8221;https:\/\/www.leadrz.nl\/wp-content\/uploads\/2022\/10\/baros10a03_leadrz_def-240p.mp4&#8243; _builder_version=&#8221;4.18.0&#8243; _module_preset=&#8221;default&#8221; global_colors_info=&#8221;{}&#8221; show_image_overlay=&#8221;off&#8221;][\/et_pb_video_slider_item][\/et_pb_video_slider][et_pb_text _builder_version=&#8221;4.23.1&#8243; _module_preset=&#8221;default&#8221; custom_margin=&#8221;-23px|||||&#8221; global_colors_info=&#8221;{}&#8221;]<\/p>\n<p><strong>LEADRZ. op tv!<br \/><\/strong><em>Uitzending op RTL De Barometer.<\/em><\/p>\n<p>Hoewel ik liever achter de camera sta om andere zichtbaar laat zijn met al hun talenten en verhalen. Is het ook waardevol om zelf eens voor de camera te staan en het te ervaren!<\/p>\n<p>&nbsp;<\/p>\n<p>[\/et_pb_text][\/et_pb_column][et_pb_column type=&#8221;1_3&#8243; _builder_version=&#8221;4.18.0&#8243; _module_preset=&#8221;default&#8221; global_colors_info=&#8221;{}&#8221;][et_pb_icon font_icon=&#8221;&#xf167;||fa||400&#8243; icon_width=&#8221;119px&#8221; title_text=&#8221;Format TED Talk&#8221; url=&#8221;https:\/\/www.ted.com\/talks\/frances_frei_how_to_build_and_rebuild_trust?utm_campaign=tedspread&#038;utm_medium=referral&#038;utm_source=tedcomshare&#8221; url_new_window=&#8221;on&#8221; _builder_version=&#8221;4.23.4&#8243; _module_preset=&#8221;default&#8221; background_color=&#8221;RGBA(255,255,255,0)&#8221; background_enable_image=&#8221;off&#8221; custom_margin=&#8221;26px||||false|false&#8221; hover_enabled=&#8221;0&#8243; global_colors_info=&#8221;{}&#8221; sticky_enabled=&#8221;0&#8243;][\/et_pb_icon][et_pb_text _builder_version=&#8221;4.23.4&#8243; _module_preset=&#8221;default&#8221; global_colors_info=&#8221;{}&#8221;]<\/p>\n<p><strong>TED Talk: How to build (and rebuild) trust.<\/strong><br \/>Francis<em> Frei<\/em><\/p>\n<p><em><\/em>Deze TED Talk van Francis Frei biedt waardevolle lessen over het bouwen van vertrouwen. Waarin ze benadrukt dat dit een noodzaak is voor leiders om prioriteit aan het bouwen van vertrouwen binnen hun teams.<\/p>\n<p>&nbsp;<\/p>\n<p>[\/et_pb_text][\/et_pb_column][et_pb_column type=&#8221;1_3&#8243; _builder_version=&#8221;4.18.0&#8243; _module_preset=&#8221;default&#8221; global_colors_info=&#8221;{}&#8221;][et_pb_testimonial author=&#8221;Jay Shetty &#8221; portrait_url=&#8221;data:image\/svg+xml;base64,PHN2ZyB3aWR0aD0iNTAwIiBoZWlnaHQ9IjUwMCIgdmlld0JveD0iMCAwIDUwMCA1MDAiIHhtbG5zPSJodHRwOi8vd3d3LnczLm9yZy8yMDAwL3N2ZyI+CiAgICA8ZyBmaWxsPSJub25lIiBmaWxsLXJ1bGU9ImV2ZW5vZGQiPgogICAgICAgIDxwYXRoIGZpbGw9IiNFQkVCRUIiIGQ9Ik0wIDBoNTAwdjUwMEgweiIvPgogICAgICAgIDxyZWN0IGZpbGwtb3BhY2l0eT0iLjEiIGZpbGw9IiMwMDAiIHg9IjY4IiB5PSIzMDUiIHdpZHRoPSIzNjQiIGhlaWdodD0iNTY4IiByeD0iMTgyIi8+CiAgICAgICAgPGNpcmNsZSBmaWxsLW9wYWNpdHk9Ii4xIiBmaWxsPSIjMDAwIiBjeD0iMjQ5IiBjeT0iMTcyIiByPSIxMDAiLz4KICAgIDwvZz4KPC9zdmc+Cg==&#8221; portrait_width=&#8221;1px&#8221; portrait_height=&#8221;1px&#8221; _builder_version=&#8221;4.23.4&#8243; _module_preset=&#8221;default&#8221; background_color=&#8221;#D6D6D6&#8243; global_colors_info=&#8221;{}&#8221;]<\/p>\n<h3><\/h3>\n<h3><\/h3>\n<h3><\/h3>\n<h3>The thing about limitations is that they are only true as long as you believe in them. So, instead of believing in your limitations, start believing in yourself.<\/h3>\n<p>[\/et_pb_testimonial][\/et_pb_column][\/et_pb_row][et_pb_row column_structure=&#8221;1_3,1_3,1_3&#8243; _builder_version=&#8221;4.23.4&#8243; _module_preset=&#8221;default&#8221; min_height=&#8221;143px&#8221; custom_margin=&#8221;103px|auto||auto||&#8221; custom_padding=&#8221;24px|||||&#8221; global_colors_info=&#8221;{}&#8221;][et_pb_column type=&#8221;1_3&#8243; _builder_version=&#8221;4.23.4&#8243; _module_preset=&#8221;default&#8221; global_colors_info=&#8221;{}&#8221;][et_pb_image src=&#8221;https:\/\/www.leadrz.nl\/wp-content\/uploads\/2023\/11\/960&#215;0.webp&#8221; title_text=&#8221;960&#215;0&#8243; url=&#8221;https:\/\/www.forbes.com\/sites\/tracybrower\/2021\/09\/19\/empathy-is-the-most-important-leadership-skill-according-to-research\/&#8221; _builder_version=&#8221;4.23.4&#8243; _module_preset=&#8221;default&#8221; custom_margin=&#8221;||6px|||&#8221; global_colors_info=&#8221;{}&#8221;][\/et_pb_image][et_pb_text _builder_version=&#8221;4.23.4&#8243; _module_preset=&#8221;default&#8221; link_option_url=&#8221;https:\/\/www.forbes.com\/sites\/tracybrower\/2021\/09\/19\/empathy-is-the-most-important-leadership-skill-according-to-research\/?sh=640bddf93dc5&#8243; link_option_url_new_window=&#8221;on&#8221; global_colors_info=&#8221;{}&#8221;]<\/p>\n<p class=\"fs-headline speakable-headline font-base font-size fs-headline__standard\"><strong>Empathy Is The Most Important Leadership Skill According To Research.<br \/><\/strong><em>Artikel Forbes<\/em><strong><\/strong><\/p>\n<p>[\/et_pb_text][\/et_pb_column][et_pb_column type=&#8221;1_3&#8243; _builder_version=&#8221;4.23.4&#8243; _module_preset=&#8221;default&#8221; global_colors_info=&#8221;{}&#8221;][et_pb_testimonial author=&#8221;Simon Sinek&#8221; portrait_url=&#8221;data:image\/svg+xml;base64,PHN2ZyB3aWR0aD0iNTAwIiBoZWlnaHQ9IjUwMCIgdmlld0JveD0iMCAwIDUwMCA1MDAiIHhtbG5zPSJodHRwOi8vd3d3LnczLm9yZy8yMDAwL3N2ZyI+CiAgICA8ZyBmaWxsPSJub25lIiBmaWxsLXJ1bGU9ImV2ZW5vZGQiPgogICAgICAgIDxwYXRoIGZpbGw9IiNFQkVCRUIiIGQ9Ik0wIDBoNTAwdjUwMEgweiIvPgogICAgICAgIDxyZWN0IGZpbGwtb3BhY2l0eT0iLjEiIGZpbGw9IiMwMDAiIHg9IjY4IiB5PSIzMDUiIHdpZHRoPSIzNjQiIGhlaWdodD0iNTY4IiByeD0iMTgyIi8+CiAgICAgICAgPGNpcmNsZSBmaWxsLW9wYWNpdHk9Ii4xIiBmaWxsPSIjMDAwIiBjeD0iMjQ5IiBjeT0iMTcyIiByPSIxMDAiLz4KICAgIDwvZz4KPC9zdmc+Cg==&#8221; portrait_width=&#8221;1px&#8221; portrait_height=&#8221;1px&#8221; _builder_version=&#8221;4.23.4&#8243; _module_preset=&#8221;default&#8221; global_colors_info=&#8221;{}&#8221;]<\/p>\n<h3>De rol van een leider&#8230;<\/h3>\n<h3>is niet om met alle geweldige idee\u00ebn te komen. De rol van een leider is om een omgeving te cre\u00ebren waarin geweldige idee\u00ebn kunnen ontstaan.<\/h3>\n<p>[\/et_pb_testimonial][\/et_pb_column][et_pb_column type=&#8221;1_3&#8243; _builder_version=&#8221;4.23.4&#8243; _module_preset=&#8221;default&#8221; global_colors_info=&#8221;{}&#8221;][et_pb_icon font_icon=&#8221;&#xf167;||fa||400&#8243; _builder_version=&#8221;4.23.4&#8243; _module_preset=&#8221;default&#8221; hover_enabled=&#8221;0&#8243; global_colors_info=&#8221;{}&#8221; url=&#8221;https:\/\/www.ted.com\/talks\/valorie_kondos_field_why_winning_doesn_t_always_equal_success&#8221; url_new_window=&#8221;on&#8221; sticky_enabled=&#8221;0&#8243; icon_width=&#8221;119px&#8221;][\/et_pb_icon][et_pb_text _builder_version=&#8221;4.23.4&#8243; _module_preset=&#8221;default&#8221; hover_enabled=&#8221;0&#8243; global_colors_info=&#8221;{}&#8221; sticky_enabled=&#8221;0&#8243;]<\/p>\n<p><strong>TED Talk: Winning doesn&#8217;t always equal success<\/strong><br \/><span>Valorie Kondos Field<br \/><\/span><\/p>\n<p>[\/et_pb_text][\/et_pb_column][\/et_pb_row][\/et_pb_section][et_pb_section fb_built=&#8221;1&#8243; _builder_version=&#8221;4.23.4&#8243; _module_preset=&#8221;default&#8221; global_colors_info=&#8221;{}&#8221;][\/et_pb_section]<\/p>\n","protected":false},"excerpt":{"rendered":"<p>LEADRZ. op tv!Uitzending op RTL De Barometer. Hoewel ik liever achter de camera sta om andere zichtbaar laat zijn met al hun talenten en verhalen. Is het ook waardevol om zelf eens voor de camera te staan en het te ervaren! &nbsp;TED Talk: How to build (and rebuild) trust.Francis Frei Deze TED Talk van Francis [&hellip;]<\/p>\n","protected":false},"author":3,"featured_media":0,"parent":0,"menu_order":0,"comment_status":"closed","ping_status":"closed","template":"","meta":{"_et_pb_use_builder":"on","_et_pb_old_content":"","_et_gb_content_width":"","footnotes":""},"class_list":["post-229","page","type-page","status-publish","hentry"],"_links":{"self":[{"href":"https:\/\/www.leadrz.nl\/index.php\/wp-json\/wp\/v2\/pages\/229","targetHints":{"allow":["GET"]}}],"collection":[{"href":"https:\/\/www.leadrz.nl\/index.php\/wp-json\/wp\/v2\/pages"}],"about":[{"href":"https:\/\/www.leadrz.nl\/index.php\/wp-json\/wp\/v2\/types\/page"}],"author":[{"embeddable":true,"href":"https:\/\/www.leadrz.nl\/index.php\/wp-json\/wp\/v2\/users\/3"}],"replies":[{"embeddable":true,"href":"https:\/\/www.leadrz.nl\/index.php\/wp-json\/wp\/v2\/comments?post=229"}],"version-history":[{"count":15,"href":"https:\/\/www.leadrz.nl\/index.php\/wp-json\/wp\/v2\/pages\/229\/revisions"}],"predecessor-version":[{"id":342,"href":"https:\/\/www.leadrz.nl\/index.php\/wp-json\/wp\/v2\/pages\/229\/revisions\/342"}],"wp:attachment":[{"href":"https:\/\/www.leadrz.nl\/index.php\/wp-json\/wp\/v2\/media?parent=229"}],"curies":[{"name":"wp","href":"https:\/\/api.w.org\/{rel}","templated":true}]}}